{"id":13268,"date":"2026-02-08T03:31:50","date_gmt":"2026-02-08T03:31:50","guid":{"rendered":"https:\/\/simplicitypage.shop\/?post_type=product&#038;p=13268"},"modified":"2026-02-08T03:39:16","modified_gmt":"2026-02-08T03:39:16","slug":"separador-de-grasa-de-malla-fina-de-acero-inoxidable-sus304-cuchara-coladora-de-cocina-con-mango-largo-herramienta-de-eliminacion-de-grasa-y-filtrado-de-aceite","status":"publish","type":"product","link":"https:\/\/simplicitypage.shop\/es\/producto\/separador-de-grasa-de-malla-fina-de-acero-inoxidable-sus304-cuchara-coladora-de-cocina-con-mango-largo-herramienta-de-eliminacion-de-grasa-y-filtrado-de-aceite\/","title":{"rendered":"Separador de grasa de malla fina de acero inoxidable SUS304, cuchara coladora de cocina, con mango largo, herramienta de eliminaci\u00f3n de grasa y filtrado de aceite"},"content":{"rendered":"<div data-elementor-type=\"product-post\" data-elementor-id=\"13268\" class=\"elementor elementor-13268\" data-elementor-post-type=\"product\">\n\t\t\t\t<div class=\"elementor-element elementor-element-667c480a e-flex e-con-boxed e-con e-parent\" data-id=\"667c480a\" data-element_type=\"container\" data-settings=\"{&quot;ekit_has_onepagescroll_dot&quot;:&quot;yes&quot;}\">\n\t\t\t\t\t<div class=\"e-con-inner\">\n\t\t\t\t<div class=\"elementor-element elementor-element-31ebd37e elementor-widget elementor-widget-text-editor\" data-id=\"31ebd37e\" data-element_type=\"widget\" data-settings=\"{&quot;ekit_we_effect_on&quot;:&quot;none&quot;}\" data-widget_type=\"text-editor.default\">\n\t\t\t\t<div class=\"elementor-widget-container\">\n\t\t\t\t\t\t\t\t\t<!DOCTYPE html>\n<html lang=\"en\">\n<head>\n    <meta charset=\"UTF-8\">\n    <title>Product Information<\/title>\n    <style>\n        body {\n            font-family: Arial, sans-serif;\n            margin: 20px;\n        }\n        .info-line {\n            display: flex;\n            width: 100%;\n            border-bottom: 1px solid #000; \/* \u4e0b\u5212\u7ebf\u6837\u5f0f *\/\n            padding: 5px 0;\n        }\n        .label {\n            font-weight: bold;\n            min-width: 200px; \/* \u589e\u52a0\u6807\u7b7e\u5bbd\u5ea6\uff0c\u8ba9\u53f3\u8fb9\u5185\u5bb9\u66f4\u9760\u53f3 *\/\n        }\n        .value {\n            flex-grow: 1;\n            text-align: left; \/* \u6062\u590d\u5de6\u5bf9\u9f50 *\/\n            padding-left: 50px; \/* \u589e\u52a0\u5de6\u8fb9\u8ddd\uff0c\u8ba9\u5185\u5bb9\u5411\u53f3\u79fb\u52a8 *\/\n        }\n    <\/style>\n<\/head>\n<body>\n    <div class=\"info-line\">\n        <span class=\"label\">Material<\/span>\n        <span class=\"value\">Acero inoxidable<\/span>\n    <\/div>\n    <div class=\"info-line\">\n        <span class=\"label\">Color<\/span>\n        <span class=\"value\">Plata + Tipo2 + 11,3 cm<\/span>\n    <\/div>\n    <div class=\"info-line\">\n        <span class=\"label\">Marca<\/span>\n        <span class=\"value\">Bakermiche<\/span>\n    <\/div>\n    <div class=\"info-line\">\n        <span class=\"label\">Estilo<\/span>\n        <span class=\"value\">moda<\/span>\n    <\/div>\n    <div class=\"info-line\">\n        <span class=\"label\">Peso del art\u00edculo<\/span>\n        <span class=\"value\">66 gramos<\/span>\n    <\/div>\n<\/body>\n<\/html>\t\t\t\t\t\t\t\t<\/div>\n\t\t\t\t<\/div>\n\t\t<div class=\"elementor-element elementor-element-4cc4d6de e-con-full e-flex e-con e-child\" data-id=\"4cc4d6de\" data-element_type=\"container\" data-settings=\"{&quot;ekit_has_onepagescroll_dot&quot;:&quot;yes&quot;}\">\n\t\t\t\t<div class=\"elementor-element elementor-element-3be24a6a elementor-position-left elementor-vertical-align-top elementor-widget elementor-widget-image-box\" data-id=\"3be24a6a\" data-element_type=\"widget\" data-settings=\"{&quot;ekit_we_effect_on&quot;:&quot;none&quot;}\" data-widget_type=\"image-box.default\">\n\t\t\t\t<div class=\"elementor-widget-container\">\n\t\t\t\t\t<div class=\"elementor-image-box-wrapper\"><figure class=\"elementor-image-box-img\"><img loading=\"lazy\" decoding=\"async\" width=\"800\" height=\"800\" src=\"https:\/\/simplicitypage.shop\/wp-content\/uploads\/2026\/02\/S4ba780776c7f4e92b847a2bb18a18f28M.webp\" class=\"attachment-full size-full wp-image-13281 wvs-archive-product-image\" alt=\"\" srcset=\"https:\/\/simplicitypage.shop\/wp-content\/uploads\/2026\/02\/S4ba780776c7f4e92b847a2bb18a18f28M.webp 800w, https:\/\/simplicitypage.shop\/wp-content\/uploads\/2026\/02\/S4ba780776c7f4e92b847a2bb18a18f28M-300x300.webp 300w, https:\/\/simplicitypage.shop\/wp-content\/uploads\/2026\/02\/S4ba780776c7f4e92b847a2bb18a18f28M-150x150.webp 150w, https:\/\/simplicitypage.shop\/wp-content\/uploads\/2026\/02\/S4ba780776c7f4e92b847a2bb18a18f28M-768x768.webp 768w, https:\/\/simplicitypage.shop\/wp-content\/uploads\/2026\/02\/S4ba780776c7f4e92b847a2bb18a18f28M-12x12.webp 12w, https:\/\/simplicitypage.shop\/wp-content\/uploads\/2026\/02\/S4ba780776c7f4e92b847a2bb18a18f28M-600x600.webp 600w, https:\/\/simplicitypage.shop\/wp-content\/uploads\/2026\/02\/S4ba780776c7f4e92b847a2bb18a18f28M-100x100.webp 100w, https:\/\/simplicitypage.shop\/wp-content\/uploads\/2026\/02\/S4ba780776c7f4e92b847a2bb18a18f28M-50x50.webp 50w, https:\/\/simplicitypage.shop\/wp-content\/uploads\/2026\/02\/S4ba780776c7f4e92b847a2bb18a18f28M-1x1.webp 1w, https:\/\/simplicitypage.shop\/wp-content\/uploads\/2026\/02\/S4ba780776c7f4e92b847a2bb18a18f28M-10x10.webp 10w\" sizes=\"auto, (max-width: 800px) 100vw, 800px\" \/><\/figure><div class=\"elementor-image-box-content\"><h3 class=\"elementor-image-box-title\">Separaci\u00f3n eficiente<\/h3><p class=\"elementor-image-box-description\">Malla de acero inoxidable de alta densidad con m\u00e1s de 1000 agujeros por pulgada cuadrada. Atrapa eficazmente part\u00edculas de grasa y residuos de alimentos, permitiendo que solo el agua limpia pase al drenaje. Dise\u00f1o optimizado que aumenta la velocidad de filtraci\u00f3n en un 40% comparado con modelos convencionales.<\/p><\/div><\/div>\t\t\t\t<\/div>\n\t\t\t\t<\/div>\n\t\t\t\t<div class=\"elementor-element elementor-element-244dec8 elementor-position-right elementor-vertical-align-top elementor-widget elementor-widget-image-box\" data-id=\"244dec8\" data-element_type=\"widget\" data-settings=\"{&quot;ekit_we_effect_on&quot;:&quot;none&quot;}\" data-widget_type=\"image-box.default\">\n\t\t\t\t<div class=\"elementor-widget-container\">\n\t\t\t\t\t<div class=\"elementor-image-box-wrapper\"><figure class=\"elementor-image-box-img\"><img loading=\"lazy\" decoding=\"async\" width=\"800\" height=\"800\" src=\"https:\/\/simplicitypage.shop\/wp-content\/uploads\/2026\/02\/S61ab27f683da4370bc50e545dc1d272eg.webp\" class=\"attachment-full size-full wp-image-13282 wvs-archive-product-image\" alt=\"\" srcset=\"https:\/\/simplicitypage.shop\/wp-content\/uploads\/2026\/02\/S61ab27f683da4370bc50e545dc1d272eg.webp 800w, https:\/\/simplicitypage.shop\/wp-content\/uploads\/2026\/02\/S61ab27f683da4370bc50e545dc1d272eg-300x300.webp 300w, https:\/\/simplicitypage.shop\/wp-content\/uploads\/2026\/02\/S61ab27f683da4370bc50e545dc1d272eg-150x150.webp 150w, https:\/\/simplicitypage.shop\/wp-content\/uploads\/2026\/02\/S61ab27f683da4370bc50e545dc1d272eg-768x768.webp 768w, https:\/\/simplicitypage.shop\/wp-content\/uploads\/2026\/02\/S61ab27f683da4370bc50e545dc1d272eg-12x12.webp 12w, https:\/\/simplicitypage.shop\/wp-content\/uploads\/2026\/02\/S61ab27f683da4370bc50e545dc1d272eg-600x600.webp 600w, https:\/\/simplicitypage.shop\/wp-content\/uploads\/2026\/02\/S61ab27f683da4370bc50e545dc1d272eg-100x100.webp 100w, https:\/\/simplicitypage.shop\/wp-content\/uploads\/2026\/02\/S61ab27f683da4370bc50e545dc1d272eg-50x50.webp 50w, https:\/\/simplicitypage.shop\/wp-content\/uploads\/2026\/02\/S61ab27f683da4370bc50e545dc1d272eg-1x1.webp 1w, https:\/\/simplicitypage.shop\/wp-content\/uploads\/2026\/02\/S61ab27f683da4370bc50e545dc1d272eg-10x10.webp 10w\" sizes=\"auto, (max-width: 800px) 100vw, 800px\" \/><\/figure><div class=\"elementor-image-box-content\"><h3 class=\"elementor-image-box-title\">Material Duradero<\/h3><p class=\"elementor-image-box-description\">Fabricado en acero inoxidable 304 de grado alimentario, resistente a la corrosi\u00f3n, al \u00f3xido y a altas temperaturas (hasta 300\u00b0C). No se deforma ni se deteriora con el uso prolongado, garantizando una vida \u00fatil de m\u00e1s de 5 a\u00f1os incluso en entornos de cocina comercial intensiva.<\/p><\/div><\/div>\t\t\t\t<\/div>\n\t\t\t\t<\/div>\n\t\t\t\t<div class=\"elementor-element elementor-element-10842c81 elementor-position-left elementor-vertical-align-top elementor-widget elementor-widget-image-box\" data-id=\"10842c81\" data-element_type=\"widget\" data-settings=\"{&quot;ekit_we_effect_on&quot;:&quot;none&quot;}\" data-widget_type=\"image-box.default\">\n\t\t\t\t<div class=\"elementor-widget-container\">\n\t\t\t\t\t<div class=\"elementor-image-box-wrapper\"><figure class=\"elementor-image-box-img\"><img loading=\"lazy\" decoding=\"async\" width=\"1001\" height=\"1001\" src=\"https:\/\/simplicitypage.shop\/wp-content\/uploads\/2026\/02\/S880134e072524a7eb036e7b40078e833u.webp\" class=\"attachment-full size-full wp-image-13283 wvs-archive-product-image\" alt=\"\" srcset=\"https:\/\/simplicitypage.shop\/wp-content\/uploads\/2026\/02\/S880134e072524a7eb036e7b40078e833u.webp 1001w, https:\/\/simplicitypage.shop\/wp-content\/uploads\/2026\/02\/S880134e072524a7eb036e7b40078e833u-300x300.webp 300w, https:\/\/simplicitypage.shop\/wp-content\/uploads\/2026\/02\/S880134e072524a7eb036e7b40078e833u-150x150.webp 150w, https:\/\/simplicitypage.shop\/wp-content\/uploads\/2026\/02\/S880134e072524a7eb036e7b40078e833u-768x768.webp 768w, https:\/\/simplicitypage.shop\/wp-content\/uploads\/2026\/02\/S880134e072524a7eb036e7b40078e833u-12x12.webp 12w, https:\/\/simplicitypage.shop\/wp-content\/uploads\/2026\/02\/S880134e072524a7eb036e7b40078e833u-600x600.webp 600w, https:\/\/simplicitypage.shop\/wp-content\/uploads\/2026\/02\/S880134e072524a7eb036e7b40078e833u-100x100.webp 100w, https:\/\/simplicitypage.shop\/wp-content\/uploads\/2026\/02\/S880134e072524a7eb036e7b40078e833u-50x50.webp 50w, https:\/\/simplicitypage.shop\/wp-content\/uploads\/2026\/02\/S880134e072524a7eb036e7b40078e833u-1x1.webp 1w, https:\/\/simplicitypage.shop\/wp-content\/uploads\/2026\/02\/S880134e072524a7eb036e7b40078e833u-10x10.webp 10w\" sizes=\"auto, (max-width: 1001px) 100vw, 1001px\" \/><\/figure><div class=\"elementor-image-box-content\"><h3 class=\"elementor-image-box-title\">F\u00e1cil de Limpiar<\/h3><p class=\"elementor-image-box-description\">Dise\u00f1o extra\u00edble de un solo toque que permite una limpieza r\u00e1pida y completa en menos de 30 segundos. La malla se desmonta sin necesidad de herramientas y es apta para lavavajillas. Superficie antiadherente que evita la acumulaci\u00f3n de residuos pegajosos.<\/p><\/div><\/div>\t\t\t\t<\/div>\n\t\t\t\t<\/div>\n\t\t<div class=\"elementor-element elementor-element-3efe5fdf e-con-full e-flex e-con e-child\" data-id=\"3efe5fdf\" data-element_type=\"container\" data-settings=\"{&quot;ekit_has_onepagescroll_dot&quot;:&quot;yes&quot;}\">\n\t\t\t\t<div class=\"elementor-element elementor-element-1ed3ddc4 elementor-widget elementor-widget-image\" data-id=\"1ed3ddc4\" data-element_type=\"widget\" data-settings=\"{&quot;ekit_we_effect_on&quot;:&quot;none&quot;}\" data-widget_type=\"image.default\">\n\t\t\t\t<div class=\"elementor-widget-container\">\n\t\t\t\t\t\t\t\t\t\t\t\t\t\t\t<img loading=\"lazy\" decoding=\"async\" width=\"600\" height=\"866\" src=\"https:\/\/simplicitypage.shop\/wp-content\/uploads\/2026\/02\/61rP9pXX2CL._AC_SL1001_.jpg\" class=\"attachment-large size-large wp-image-13284 wvs-archive-product-image\" alt=\"\" srcset=\"https:\/\/simplicitypage.shop\/wp-content\/uploads\/2026\/02\/61rP9pXX2CL._AC_SL1001_.jpg 600w, https:\/\/simplicitypage.shop\/wp-content\/uploads\/2026\/02\/61rP9pXX2CL._AC_SL1001_-208x300.jpg 208w, https:\/\/simplicitypage.shop\/wp-content\/uploads\/2026\/02\/61rP9pXX2CL._AC_SL1001_-8x12.jpg 8w, https:\/\/simplicitypage.shop\/wp-content\/uploads\/2026\/02\/61rP9pXX2CL._AC_SL1001_-1x1.jpg 1w, https:\/\/simplicitypage.shop\/wp-content\/uploads\/2026\/02\/61rP9pXX2CL._AC_SL1001_-7x10.jpg 7w\" sizes=\"auto, (max-width: 600px) 100vw, 600px\" \/>\t\t\t\t\t\t\t\t\t\t\t\t\t\t\t<\/div>\n\t\t\t\t<\/div>\n\t\t\t\t<div class=\"elementor-element elementor-element-35f16bdf elementor-widget elementor-widget-image\" data-id=\"35f16bdf\" data-element_type=\"widget\" data-settings=\"{&quot;ekit_we_effect_on&quot;:&quot;none&quot;}\" data-widget_type=\"image.default\">\n\t\t\t\t<div class=\"elementor-widget-container\">\n\t\t\t\t\t\t\t\t\t\t\t\t\t\t\t<img loading=\"lazy\" decoding=\"async\" width=\"1002\" height=\"1002\" src=\"https:\/\/simplicitypage.shop\/wp-content\/uploads\/2026\/02\/S64ff2bcbd8884feeb7113601932e7e0fH.webp\" class=\"attachment-large size-large wp-image-13285 wvs-archive-product-image\" alt=\"\" srcset=\"https:\/\/simplicitypage.shop\/wp-content\/uploads\/2026\/02\/S64ff2bcbd8884feeb7113601932e7e0fH.webp 1002w, https:\/\/simplicitypage.shop\/wp-content\/uploads\/2026\/02\/S64ff2bcbd8884feeb7113601932e7e0fH-300x300.webp 300w, https:\/\/simplicitypage.shop\/wp-content\/uploads\/2026\/02\/S64ff2bcbd8884feeb7113601932e7e0fH-150x150.webp 150w, https:\/\/simplicitypage.shop\/wp-content\/uploads\/2026\/02\/S64ff2bcbd8884feeb7113601932e7e0fH-768x768.webp 768w, https:\/\/simplicitypage.shop\/wp-content\/uploads\/2026\/02\/S64ff2bcbd8884feeb7113601932e7e0fH-12x12.webp 12w, https:\/\/simplicitypage.shop\/wp-content\/uploads\/2026\/02\/S64ff2bcbd8884feeb7113601932e7e0fH-600x600.webp 600w, https:\/\/simplicitypage.shop\/wp-content\/uploads\/2026\/02\/S64ff2bcbd8884feeb7113601932e7e0fH-100x100.webp 100w, https:\/\/simplicitypage.shop\/wp-content\/uploads\/2026\/02\/S64ff2bcbd8884feeb7113601932e7e0fH-50x50.webp 50w, https:\/\/simplicitypage.shop\/wp-content\/uploads\/2026\/02\/S64ff2bcbd8884feeb7113601932e7e0fH-1x1.webp 1w, https:\/\/simplicitypage.shop\/wp-content\/uploads\/2026\/02\/S64ff2bcbd8884feeb7113601932e7e0fH-10x10.webp 10w\" sizes=\"auto, (max-width: 1002px) 100vw, 1002px\" \/>\t\t\t\t\t\t\t\t\t\t\t\t\t\t\t<\/div>\n\t\t\t\t<\/div>\n\t\t\t\t<div class=\"elementor-element elementor-element-5d636f1e elementor-widget elementor-widget-image\" data-id=\"5d636f1e\" data-element_type=\"widget\" data-settings=\"{&quot;ekit_we_effect_on&quot;:&quot;none&quot;}\" data-widget_type=\"image.default\">\n\t\t\t\t<div class=\"elementor-widget-container\">\n\t\t\t\t\t\t\t\t\t\t\t\t\t\t\t<img loading=\"lazy\" decoding=\"async\" width=\"1001\" height=\"1001\" src=\"https:\/\/simplicitypage.shop\/wp-content\/uploads\/2026\/02\/71IoPOA2sLL._AC_SL1001_.jpg\" class=\"attachment-large size-large wp-image-13286 wvs-archive-product-image\" alt=\"\" srcset=\"https:\/\/simplicitypage.shop\/wp-content\/uploads\/2026\/02\/71IoPOA2sLL._AC_SL1001_.jpg 1001w, https:\/\/simplicitypage.shop\/wp-content\/uploads\/2026\/02\/71IoPOA2sLL._AC_SL1001_-300x300.jpg 300w, https:\/\/simplicitypage.shop\/wp-content\/uploads\/2026\/02\/71IoPOA2sLL._AC_SL1001_-150x150.jpg 150w, https:\/\/simplicitypage.shop\/wp-content\/uploads\/2026\/02\/71IoPOA2sLL._AC_SL1001_-768x768.jpg 768w, https:\/\/simplicitypage.shop\/wp-content\/uploads\/2026\/02\/71IoPOA2sLL._AC_SL1001_-12x12.jpg 12w, https:\/\/simplicitypage.shop\/wp-content\/uploads\/2026\/02\/71IoPOA2sLL._AC_SL1001_-600x600.jpg 600w, https:\/\/simplicitypage.shop\/wp-content\/uploads\/2026\/02\/71IoPOA2sLL._AC_SL1001_-100x100.jpg 100w, https:\/\/simplicitypage.shop\/wp-content\/uploads\/2026\/02\/71IoPOA2sLL._AC_SL1001_-50x50.jpg 50w, https:\/\/simplicitypage.shop\/wp-content\/uploads\/2026\/02\/71IoPOA2sLL._AC_SL1001_-1x1.jpg 1w, https:\/\/simplicitypage.shop\/wp-content\/uploads\/2026\/02\/71IoPOA2sLL._AC_SL1001_-10x10.jpg 10w\" sizes=\"auto, (max-width: 1001px) 100vw, 1001px\" \/>\t\t\t\t\t\t\t\t\t\t\t\t\t\t\t<\/div>\n\t\t\t\t<\/div>\n\t\t\t\t<div class=\"elementor-element elementor-element-7ea6457d elementor-widget elementor-widget-image\" data-id=\"7ea6457d\" data-element_type=\"widget\" data-settings=\"{&quot;ekit_we_effect_on&quot;:&quot;none&quot;}\" data-widget_type=\"image.default\">\n\t\t\t\t<div class=\"elementor-widget-container\">\n\t\t\t\t\t\t\t\t\t\t\t\t\t\t\t<img loading=\"lazy\" decoding=\"async\" width=\"1001\" height=\"1001\" src=\"https:\/\/simplicitypage.shop\/wp-content\/uploads\/2026\/02\/61F6JuAWVpL._AC_SL1001_.jpg\" class=\"attachment-large size-large wp-image-13287 wvs-archive-product-image\" alt=\"\" srcset=\"https:\/\/simplicitypage.shop\/wp-content\/uploads\/2026\/02\/61F6JuAWVpL._AC_SL1001_.jpg 1001w, https:\/\/simplicitypage.shop\/wp-content\/uploads\/2026\/02\/61F6JuAWVpL._AC_SL1001_-300x300.jpg 300w, https:\/\/simplicitypage.shop\/wp-content\/uploads\/2026\/02\/61F6JuAWVpL._AC_SL1001_-150x150.jpg 150w, https:\/\/simplicitypage.shop\/wp-content\/uploads\/2026\/02\/61F6JuAWVpL._AC_SL1001_-768x768.jpg 768w, https:\/\/simplicitypage.shop\/wp-content\/uploads\/2026\/02\/61F6JuAWVpL._AC_SL1001_-12x12.jpg 12w, https:\/\/simplicitypage.shop\/wp-content\/uploads\/2026\/02\/61F6JuAWVpL._AC_SL1001_-600x600.jpg 600w, https:\/\/simplicitypage.shop\/wp-content\/uploads\/2026\/02\/61F6JuAWVpL._AC_SL1001_-100x100.jpg 100w, https:\/\/simplicitypage.shop\/wp-content\/uploads\/2026\/02\/61F6JuAWVpL._AC_SL1001_-50x50.jpg 50w, https:\/\/simplicitypage.shop\/wp-content\/uploads\/2026\/02\/61F6JuAWVpL._AC_SL1001_-1x1.jpg 1w, https:\/\/simplicitypage.shop\/wp-content\/uploads\/2026\/02\/61F6JuAWVpL._AC_SL1001_-10x10.jpg 10w\" sizes=\"auto, (max-width: 1001px) 100vw, 1001px\" \/>\t\t\t\t\t\t\t\t\t\t\t\t\t\t\t<\/div>\n\t\t\t\t<\/div>\n\t\t\t\t<div class=\"elementor-element elementor-element-63a8b2d elementor-widget elementor-widget-image\" data-id=\"63a8b2d\" data-element_type=\"widget\" data-settings=\"{&quot;ekit_we_effect_on&quot;:&quot;none&quot;}\" data-widget_type=\"image.default\">\n\t\t\t\t<div class=\"elementor-widget-container\">\n\t\t\t\t\t\t\t\t\t\t\t\t\t\t\t<img loading=\"lazy\" decoding=\"async\" width=\"1001\" height=\"1001\" src=\"https:\/\/simplicitypage.shop\/wp-content\/uploads\/2026\/02\/S30991906c790493d9f814442483963d0A.webp\" class=\"attachment-large size-large wp-image-13288 wvs-archive-product-image\" alt=\"\" srcset=\"https:\/\/simplicitypage.shop\/wp-content\/uploads\/2026\/02\/S30991906c790493d9f814442483963d0A.webp 1001w, https:\/\/simplicitypage.shop\/wp-content\/uploads\/2026\/02\/S30991906c790493d9f814442483963d0A-300x300.webp 300w, https:\/\/simplicitypage.shop\/wp-content\/uploads\/2026\/02\/S30991906c790493d9f814442483963d0A-150x150.webp 150w, https:\/\/simplicitypage.shop\/wp-content\/uploads\/2026\/02\/S30991906c790493d9f814442483963d0A-768x768.webp 768w, https:\/\/simplicitypage.shop\/wp-content\/uploads\/2026\/02\/S30991906c790493d9f814442483963d0A-12x12.webp 12w, https:\/\/simplicitypage.shop\/wp-content\/uploads\/2026\/02\/S30991906c790493d9f814442483963d0A-600x600.webp 600w, https:\/\/simplicitypage.shop\/wp-content\/uploads\/2026\/02\/S30991906c790493d9f814442483963d0A-100x100.webp 100w, https:\/\/simplicitypage.shop\/wp-content\/uploads\/2026\/02\/S30991906c790493d9f814442483963d0A-50x50.webp 50w, https:\/\/simplicitypage.shop\/wp-content\/uploads\/2026\/02\/S30991906c790493d9f814442483963d0A-1x1.webp 1w, https:\/\/simplicitypage.shop\/wp-content\/uploads\/2026\/02\/S30991906c790493d9f814442483963d0A-10x10.webp 10w\" sizes=\"auto, (max-width: 1001px) 100vw, 1001px\" \/>\t\t\t\t\t\t\t\t\t\t\t\t\t\t\t<\/div>\n\t\t\t\t<\/div>\n\t\t\t\t<div class=\"elementor-element elementor-element-14fd571e elementor-widget elementor-widget-image\" data-id=\"14fd571e\" data-element_type=\"widget\" data-settings=\"{&quot;ekit_we_effect_on&quot;:&quot;none&quot;}\" data-widget_type=\"image.default\">\n\t\t\t\t<div class=\"elementor-widget-container\">\n\t\t\t\t\t\t\t\t\t\t\t\t\t\t\t<img loading=\"lazy\" decoding=\"async\" width=\"800\" height=\"800\" src=\"https:\/\/simplicitypage.shop\/wp-content\/uploads\/2026\/02\/S2e4a9535a26446cd8aef7d83561619e7D.webp\" class=\"attachment-large size-large wp-image-13289 wvs-archive-product-image\" alt=\"\" srcset=\"https:\/\/simplicitypage.shop\/wp-content\/uploads\/2026\/02\/S2e4a9535a26446cd8aef7d83561619e7D.webp 800w, https:\/\/simplicitypage.shop\/wp-content\/uploads\/2026\/02\/S2e4a9535a26446cd8aef7d83561619e7D-300x300.webp 300w, https:\/\/simplicitypage.shop\/wp-content\/uploads\/2026\/02\/S2e4a9535a26446cd8aef7d83561619e7D-150x150.webp 150w, https:\/\/simplicitypage.shop\/wp-content\/uploads\/2026\/02\/S2e4a9535a26446cd8aef7d83561619e7D-768x768.webp 768w, https:\/\/simplicitypage.shop\/wp-content\/uploads\/2026\/02\/S2e4a9535a26446cd8aef7d83561619e7D-12x12.webp 12w, https:\/\/simplicitypage.shop\/wp-content\/uploads\/2026\/02\/S2e4a9535a26446cd8aef7d83561619e7D-600x600.webp 600w, https:\/\/simplicitypage.shop\/wp-content\/uploads\/2026\/02\/S2e4a9535a26446cd8aef7d83561619e7D-100x100.webp 100w, https:\/\/simplicitypage.shop\/wp-content\/uploads\/2026\/02\/S2e4a9535a26446cd8aef7d83561619e7D-50x50.webp 50w, https:\/\/simplicitypage.shop\/wp-content\/uploads\/2026\/02\/S2e4a9535a26446cd8aef7d83561619e7D-1x1.webp 1w, https:\/\/simplicitypage.shop\/wp-content\/uploads\/2026\/02\/S2e4a9535a26446cd8aef7d83561619e7D-10x10.webp 10w\" sizes=\"auto, (max-width: 800px) 100vw, 800px\" \/>\t\t\t\t\t\t\t\t\t\t\t\t\t\t\t<\/div>\n\t\t\t\t<\/div>\n\t\t\t\t<div class=\"elementor-element elementor-element-5e1f30e2 elementor-widget elementor-widget-image\" data-id=\"5e1f30e2\" data-element_type=\"widget\" data-settings=\"{&quot;ekit_we_effect_on&quot;:&quot;none&quot;}\" data-widget_type=\"image.default\">\n\t\t\t\t<div class=\"elementor-widget-container\">\n\t\t\t\t\t\t\t\t\t\t\t\t\t\t\t<img loading=\"lazy\" decoding=\"async\" width=\"1000\" height=\"1000\" src=\"https:\/\/simplicitypage.shop\/wp-content\/uploads\/2026\/02\/S1d845b3014b94d2293697913757bd7e9N.webp\" class=\"attachment-large size-large wp-image-13290 wvs-archive-product-image\" alt=\"\" srcset=\"https:\/\/simplicitypage.shop\/wp-content\/uploads\/2026\/02\/S1d845b3014b94d2293697913757bd7e9N.webp 1000w, https:\/\/simplicitypage.shop\/wp-content\/uploads\/2026\/02\/S1d845b3014b94d2293697913757bd7e9N-300x300.webp 300w, https:\/\/simplicitypage.shop\/wp-content\/uploads\/2026\/02\/S1d845b3014b94d2293697913757bd7e9N-150x150.webp 150w, https:\/\/simplicitypage.shop\/wp-content\/uploads\/2026\/02\/S1d845b3014b94d2293697913757bd7e9N-768x768.webp 768w, https:\/\/simplicitypage.shop\/wp-content\/uploads\/2026\/02\/S1d845b3014b94d2293697913757bd7e9N-12x12.webp 12w, https:\/\/simplicitypage.shop\/wp-content\/uploads\/2026\/02\/S1d845b3014b94d2293697913757bd7e9N-600x600.webp 600w, https:\/\/simplicitypage.shop\/wp-content\/uploads\/2026\/02\/S1d845b3014b94d2293697913757bd7e9N-100x100.webp 100w, https:\/\/simplicitypage.shop\/wp-content\/uploads\/2026\/02\/S1d845b3014b94d2293697913757bd7e9N-50x50.webp 50w, https:\/\/simplicitypage.shop\/wp-content\/uploads\/2026\/02\/S1d845b3014b94d2293697913757bd7e9N-1x1.webp 1w, https:\/\/simplicitypage.shop\/wp-content\/uploads\/2026\/02\/S1d845b3014b94d2293697913757bd7e9N-10x10.webp 10w\" sizes=\"auto, (max-width: 1000px) 100vw, 1000px\" \/>\t\t\t\t\t\t\t\t\t\t\t\t\t\t\t<\/div>\n\t\t\t\t<\/div>\n\t\t\t\t<div class=\"elementor-element elementor-element-1115fdee elementor-widget elementor-widget-image\" data-id=\"1115fdee\" data-element_type=\"widget\" data-settings=\"{&quot;ekit_we_effect_on&quot;:&quot;none&quot;}\" data-widget_type=\"image.default\">\n\t\t\t\t<div class=\"elementor-widget-container\">\n\t\t\t\t\t\t\t\t\t\t\t\t\t\t\t<img loading=\"lazy\" decoding=\"async\" width=\"915\" height=\"947\" src=\"https:\/\/simplicitypage.shop\/wp-content\/uploads\/2026\/02\/5141w6F1BhL._AC_SL1001_.jpg\" class=\"attachment-large size-large wp-image-13291 wvs-archive-product-image\" alt=\"\" srcset=\"https:\/\/simplicitypage.shop\/wp-content\/uploads\/2026\/02\/5141w6F1BhL._AC_SL1001_.jpg 915w, https:\/\/simplicitypage.shop\/wp-content\/uploads\/2026\/02\/5141w6F1BhL._AC_SL1001_-290x300.jpg 290w, https:\/\/simplicitypage.shop\/wp-content\/uploads\/2026\/02\/5141w6F1BhL._AC_SL1001_-768x795.jpg 768w, https:\/\/simplicitypage.shop\/wp-content\/uploads\/2026\/02\/5141w6F1BhL._AC_SL1001_-12x12.jpg 12w, https:\/\/simplicitypage.shop\/wp-content\/uploads\/2026\/02\/5141w6F1BhL._AC_SL1001_-600x621.jpg 600w, https:\/\/simplicitypage.shop\/wp-content\/uploads\/2026\/02\/5141w6F1BhL._AC_SL1001_-1x1.jpg 1w, https:\/\/simplicitypage.shop\/wp-content\/uploads\/2026\/02\/5141w6F1BhL._AC_SL1001_-10x10.jpg 10w\" sizes=\"auto, (max-width: 915px) 100vw, 915px\" \/>\t\t\t\t\t\t\t\t\t\t\t\t\t\t\t<\/div>\n\t\t\t\t<\/div>\n\t\t\t\t<\/div>\n\t\t\t\t<\/div>\n\t\t\t\t\t<\/div>\n\t\t\t\t<\/div>\n\t\t\t\t<\/div>","protected":false},"excerpt":{"rendered":"<h1 class=\"a-size-base-plus a-text-bold\">Acerca de este art\u00edculo<\/h1>\n<ul class=\"a-unordered-list a-vertical a-spacing-mini\">\n<li class=\"a-spacing-mini\"><span class=\"a-list-item\">SUJECI\u00d3N C\u00d3MODA: La superficie es redonda y lisa, sin rebabas y se apoya c\u00f3modamente en la mano. Puede aislar del calor y evitar quemaduras. La uni\u00f3n entre la rejilla filtrante y el mango est\u00e1 soldada con remaches, por lo que es firme y estable, con gran capacidad de carga y f\u00e1cil de usar.<\/span><\/li>\n<li class=\"a-spacing-mini\"><span class=\"a-list-item\">F\u00c1CIL DE LIMPIAR: Si la espumadera no se pega f\u00e1cilmente a los restos de comida, sum\u00e9rjala en agua tibia despu\u00e9s de usarla, luego l\u00e1vela con un pa\u00f1o y s\u00e9quela.<\/span><\/li>\n<li class=\"a-spacing-mini\"><span class=\"a-list-item\">AHORRAR ESPACIO: dise\u00f1o humanizado agujero colgante en el extremo del mango, limpio despu\u00e9s de su uso, se puede colgar a secar, f\u00e1cil de almacenar, puede ahorrar espacio en la cocina.<\/span><\/li>\n<\/ul>","protected":false},"featured_media":13272,"comment_status":"open","ping_status":"closed","template":"","meta":{"_acf_changed":false},"etheme_brands":[],"product_brand":[],"product_cat":[127,118],"product_tag":[],"class_list":{"0":"post-13268","1":"product","2":"type-product","3":"status-publish","4":"has-post-thumbnail","6":"product_cat-dao","7":"product_cat-sale-shop","9":"first","10":"instock","11":"sale","12":"shipping-taxable","13":"purchasable","14":"product-type-variable","15":"has-default-attributes","16":"wvs-archive-product-wrapper"},"acf":[],"_links":{"self":[{"href":"https:\/\/simplicitypage.shop\/es\/wp-json\/wp\/v2\/product\/13268","targetHints":{"allow":["GET"]}}],"collection":[{"href":"https:\/\/simplicitypage.shop\/es\/wp-json\/wp\/v2\/product"}],"about":[{"href":"https:\/\/simplicitypage.shop\/es\/wp-json\/wp\/v2\/types\/product"}],"replies":[{"embeddable":true,"href":"https:\/\/simplicitypage.shop\/es\/wp-json\/wp\/v2\/comments?post=13268"}],"version-history":[{"count":4,"href":"https:\/\/simplicitypage.shop\/es\/wp-json\/wp\/v2\/product\/13268\/revisions"}],"predecessor-version":[{"id":13299,"href":"https:\/\/simplicitypage.shop\/es\/wp-json\/wp\/v2\/product\/13268\/revisions\/13299"}],"wp:featuredmedia":[{"embeddable":true,"href":"https:\/\/simplicitypage.shop\/es\/wp-json\/wp\/v2\/media\/13272"}],"wp:attachment":[{"href":"https:\/\/simplicitypage.shop\/es\/wp-json\/wp\/v2\/media?parent=13268"}],"wp:term":[{"taxonomy":"brand","embeddable":true,"href":"https:\/\/simplicitypage.shop\/es\/wp-json\/wp\/v2\/etheme_brands?post=13268"},{"taxonomy":"product_brand","embeddable":true,"href":"https:\/\/simplicitypage.shop\/es\/wp-json\/wp\/v2\/product_brand?post=13268"},{"taxonomy":"product_cat","embeddable":true,"href":"https:\/\/simplicitypage.shop\/es\/wp-json\/wp\/v2\/product_cat?post=13268"},{"taxonomy":"product_tag","embeddable":true,"href":"https:\/\/simplicitypage.shop\/es\/wp-json\/wp\/v2\/product_tag?post=13268"}],"curies":[{"name":"wp","href":"https:\/\/api.w.org\/{rel}","templated":true}]}}